{"id":4063,"date":"2024-10-03T16:39:05","date_gmt":"2024-10-03T15:39:05","guid":{"rendered":"https:\/\/amtivo.com\/it\/?page_id=4063"},"modified":"2026-03-16T16:43:45","modified_gmt":"2026-03-16T16:43:45","slug":"certificazione-iso-9001","status":"publish","type":"page","link":"https:\/\/amtivo.com\/it\/certificazione-iso\/certificazione-iso-9001\/","title":{"rendered":"Certificazione ISO 9001"},"content":{"rendered":"","protected":false},"excerpt":{"rendered":"","protected":false},"author":3,"featured_media":3339,"parent":4065,"menu_order":0,"comment_status":"closed","ping_status":"closed","template":"","meta":{"_acf_changed":false,"_searchwp_excluded":"","footnotes":""},"tags":[],"class_list":["post-4063","page","type-page","status-publish","has-post-thumbnail","hentry"],"acf":[],"yoast_head":"<!-- This site is optimized with the Yoast SEO Premium plugin v27.2 (Yoast SEO v27.2) - https:\/\/yoast.com\/product\/yoast-seo-premium-wordpress\/ -->\n<title>Certificazione ISO 9001 - Sistema di Gestione della Qualit\u00e0<\/title>\n<meta name=\"description\" content=\"La certificazione ISO 9001 per il sistema di gestione della qualit\u00e0 promuove l&#039;efficienza, la soddisfazione del cliente e nuove opportunit\u00e0 di affari.\" \/>\n<meta name=\"robots\" content=\"index, follow, max-snippet:-1, max-image-preview:large, max-video-preview:-1\" \/>\n<link rel=\"canonical\" href=\"https:\/\/amtivo.com\/it\/certificazione-iso\/certificazione-iso-9001\/\" \/>\n<meta property=\"og:locale\" content=\"it_IT\" \/>\n<meta property=\"og:type\" content=\"article\" \/>\n<meta property=\"og:title\" content=\"Certificazione ISO 9001\" \/>\n<meta property=\"og:description\" content=\"La certificazione ISO 9001 per il sistema di gestione della qualit\u00e0 promuove l&#039;efficienza, la soddisfazione del cliente e nuove opportunit\u00e0 di affari.\" \/>\n<meta property=\"og:url\" content=\"https:\/\/amtivo.com\/it\/certificazione-iso\/certificazione-iso-9001\/\" \/>\n<meta property=\"og:site_name\" content=\"Amtivo Italia\" \/>\n<meta property=\"article:modified_time\" content=\"2026-03-16T16:43:45+00:00\" \/>\n<meta property=\"og:image\" content=\"https:\/\/amtivo.com\/it\/wp-content\/uploads\/sites\/19\/2024\/02\/ISO-9001-come-ottenere-la-certificazione.jpg\" \/>\n\t<meta property=\"og:image:width\" content=\"1000\" \/>\n\t<meta property=\"og:image:height\" content=\"680\" \/>\n\t<meta property=\"og:image:type\" content=\"image\/jpeg\" \/>\n<meta name=\"twitter:card\" content=\"summary_large_image\" \/>\n<meta name=\"twitter:label1\" content=\"Tempo di lettura stimato\" \/>\n\t<meta name=\"twitter:data1\" content=\"11 minuti\" \/>\n<!-- \/ Yoast SEO Premium plugin. -->","yoast_head_json":{"title":"Certificazione ISO 9001 - Sistema di Gestione della Qualit\u00e0","description":"La certificazione ISO 9001 per il sistema di gestione della qualit\u00e0 promuove l'efficienza, la soddisfazione del cliente e nuove opportunit\u00e0 di affari.","robots":{"index":"index","follow":"follow","max-snippet":"max-snippet:-1","max-image-preview":"max-image-preview:large","max-video-preview":"max-video-preview:-1"},"canonical":"https:\/\/amtivo.com\/it\/certificazione-iso\/certificazione-iso-9001\/","og_locale":"it_IT","og_type":"article","og_title":"Certificazione ISO 9001","og_description":"La certificazione ISO 9001 per il sistema di gestione della qualit\u00e0 promuove l'efficienza, la soddisfazione del cliente e nuove opportunit\u00e0 di affari.","og_url":"https:\/\/amtivo.com\/it\/certificazione-iso\/certificazione-iso-9001\/","og_site_name":"Amtivo Italia","article_modified_time":"2026-03-16T16:43:45+00:00","og_image":[{"width":1000,"height":680,"url":"https:\/\/amtivo.com\/it\/wp-content\/uploads\/sites\/19\/2024\/02\/ISO-9001-come-ottenere-la-certificazione.jpg","type":"image\/jpeg"}],"twitter_card":"summary_large_image","twitter_misc":{"Tempo di lettura stimato":"11 minuti"},"schema":{"@context":"https:\/\/schema.org","@graph":[{"@type":"WebPage","@id":"https:\/\/amtivo.com\/it\/certificazione-iso\/certificazione-iso-9001\/","url":"https:\/\/amtivo.com\/it\/certificazione-iso\/certificazione-iso-9001\/","name":"Certificazione ISO 9001 - Sistema di Gestione della Qualit\u00e0","isPartOf":{"@id":"https:\/\/amtivo.com\/it\/#website"},"primaryImageOfPage":{"@id":"https:\/\/amtivo.com\/it\/certificazione-iso\/certificazione-iso-9001\/#primaryimage"},"image":{"@id":"https:\/\/amtivo.com\/it\/certificazione-iso\/certificazione-iso-9001\/#primaryimage"},"thumbnailUrl":"https:\/\/amtivo.com\/it\/wp-content\/uploads\/sites\/19\/2024\/02\/ISO-9001-come-ottenere-la-certificazione.jpg","datePublished":"2024-10-03T15:39:05+00:00","dateModified":"2026-03-16T16:43:45+00:00","description":"La certificazione ISO 9001 per il sistema di gestione della qualit\u00e0 promuove l'efficienza, la soddisfazione del cliente e nuove opportunit\u00e0 di affari.","breadcrumb":{"@id":"https:\/\/amtivo.com\/it\/certificazione-iso\/certificazione-iso-9001\/#breadcrumb"},"inLanguage":"it-IT","potentialAction":[{"@type":"ReadAction","target":["https:\/\/amtivo.com\/it\/certificazione-iso\/certificazione-iso-9001\/"]}]},{"@type":"ImageObject","inLanguage":"it-IT","@id":"https:\/\/amtivo.com\/it\/certificazione-iso\/certificazione-iso-9001\/#primaryimage","url":"https:\/\/amtivo.com\/it\/wp-content\/uploads\/sites\/19\/2024\/02\/ISO-9001-come-ottenere-la-certificazione.jpg","contentUrl":"https:\/\/amtivo.com\/it\/wp-content\/uploads\/sites\/19\/2024\/02\/ISO-9001-come-ottenere-la-certificazione.jpg","width":1000,"height":680,"caption":"ISO 9001 - come ottenere la certificazione"},{"@type":"BreadcrumbList","@id":"https:\/\/amtivo.com\/it\/certificazione-iso\/certificazione-iso-9001\/#breadcrumb","itemListElement":[{"@type":"ListItem","position":1,"name":"Casa","item":"https:\/\/amtivo.com\/it\/"},{"@type":"ListItem","position":2,"name":"Certificazione ISO","item":"https:\/\/amtivo.com\/it\/certificazione-iso\/"},{"@type":"ListItem","position":3,"name":"Certificazione ISO 9001"}]},{"@type":"WebSite","@id":"https:\/\/amtivo.com\/it\/#website","url":"https:\/\/amtivo.com\/it\/","name":"Amtivo","description":"","publisher":{"@id":"https:\/\/amtivo.com\/it\/#organization"},"potentialAction":[{"@type":"SearchAction","target":{"@type":"EntryPoint","urlTemplate":"https:\/\/amtivo.com\/it\/?s={search_term_string}"},"query-input":{"@type":"PropertyValueSpecification","valueRequired":true,"valueName":"search_term_string"}}],"inLanguage":"it-IT"},{"@type":"Organization","@id":"https:\/\/amtivo.com\/it\/#organization","name":"Amtivo","url":"https:\/\/amtivo.com\/it\/","logo":{"@type":"ImageObject","inLanguage":"it-IT","@id":"https:\/\/amtivo.com\/it\/#\/schema\/logo\/image\/","url":"https:\/\/amtivo.com\/it\/wp-content\/uploads\/sites\/19\/2025\/06\/amtivo-logo-new.png","contentUrl":"https:\/\/amtivo.com\/it\/wp-content\/uploads\/sites\/19\/2025\/06\/amtivo-logo-new.png","width":400,"height":331,"caption":"Amtivo"},"image":{"@id":"https:\/\/amtivo.com\/it\/#\/schema\/logo\/image\/"}}]}},"jetpack_sharing_enabled":true,"_links":{"self":[{"href":"https:\/\/amtivo.com\/it\/wp-json\/wp\/v2\/pages\/4063","targetHints":{"allow":["GET"]}}],"collection":[{"href":"https:\/\/amtivo.com\/it\/wp-json\/wp\/v2\/pages"}],"about":[{"href":"https:\/\/amtivo.com\/it\/wp-json\/wp\/v2\/types\/page"}],"author":[{"embeddable":true,"href":"https:\/\/amtivo.com\/it\/wp-json\/wp\/v2\/users\/3"}],"replies":[{"embeddable":true,"href":"https:\/\/amtivo.com\/it\/wp-json\/wp\/v2\/comments?post=4063"}],"version-history":[{"count":30,"href":"https:\/\/amtivo.com\/it\/wp-json\/wp\/v2\/pages\/4063\/revisions"}],"predecessor-version":[{"id":6613,"href":"https:\/\/amtivo.com\/it\/wp-json\/wp\/v2\/pages\/4063\/revisions\/6613"}],"up":[{"embeddable":true,"href":"https:\/\/amtivo.com\/it\/wp-json\/wp\/v2\/pages\/4065"}],"wp:featuredmedia":[{"embeddable":true,"href":"https:\/\/amtivo.com\/it\/wp-json\/wp\/v2\/media\/3339"}],"wp:attachment":[{"href":"https:\/\/amtivo.com\/it\/wp-json\/wp\/v2\/media?parent=4063"}],"wp:term":[{"taxonomy":"post_tag","embeddable":true,"href":"https:\/\/amtivo.com\/it\/wp-json\/wp\/v2\/tags?post=4063"}],"curies":[{"name":"wp","href":"https:\/\/api.w.org\/{rel}","templated":true}]}}